{"id":2,"date":"2019-03-14T08:49:16","date_gmt":"2019-03-14T05:49:16","guid":{"rendered":"http:\/\/www.armitek.com.tr\/?page_id=2"},"modified":"2026-02-10T11:19:34","modified_gmt":"2026-02-10T08:19:34","slug":"sample-page","status":"publish","type":"page","link":"http:\/\/www.armitek.com.tr\/?page_id=2","title":{"rendered":"Hakk\u0131m\u0131zda"},"content":{"rendered":"\n<p><strong>Armitek; 25 y\u0131ll\u0131k sekt\u00f6rel tecr\u00fcbeler \u0131\u015f\u0131\u011f\u0131nda, kuruldu\u011fu g\u00fcnden beri bilgi ve ileti\u015fim teknolojileri alan\u0131ndaki yenilik\u00e7i ve yarat\u0131c\u0131 , u\u00e7tan uca katma de\u011ferli \u00e7\u00f6z\u00fcmler, sistem entegrasyonu ve teknoloji hizmetleri sunmaktad\u0131r.\u200b H\u0131zla geli\u015fen ve de\u011fi\u015fen m\u00fc\u015fteri taleplerini kar\u015f\u0131layabilmek i\u00e7in uzmanla\u015fm\u0131\u015f \u00fcr\u00fcnleri entegre ederek u\u00e7tan uca \u00e7\u00f6z\u00fcm sa\u011flamay\u0131 ama\u00e7l\u0131yoruz.<\/strong> <\/p>\n\n\n\n<p><strong>Ayr\u0131ca marka ba\u011f\u0131ms\u0131z \u00e7\u00f6z\u00fcmler sunan, bilginin gizlili\u011fi, b\u00fct\u00fcnl\u00fc\u011f\u00fc ve gerekti\u011fi zamanda eri\u015filebilir olmas\u0131na inanan ekibi ile temel i\u015f faaliyetlerinin s\u00fcreklili\u011fini sa\u011flamak ve m\u00fc\u015fteri taahh\u00fctlerini yerine getirmek amac\u0131yla gerek fiziksel, gerekse elektronik t\u00fcm bilgi varl\u0131klar\u0131n\u0131n g\u00fcvenli\u011fini sa\u011flamay\u0131 hedefliyoruz.<\/strong><\/p>\n","protected":false},"excerpt":{"rendered":"<p>Armitek; 25 y\u0131ll\u0131k sekt\u00f6rel tecr\u00fcbeler \u0131\u015f\u0131\u011f\u0131nda, kuruldu\u011fu g\u00fcnden beri bilgi ve ileti\u015fim teknolojileri alan\u0131ndaki yenilik\u00e7i ve yarat\u0131c\u0131 , u\u00e7tan uca katma de\u011ferli \u00e7\u00f6z\u00fcmler, sistem entegrasyonu ve teknoloji hizmetleri sunmaktad\u0131r.\u200b H\u0131zla geli\u015fen ve de\u011fi\u015fen m\u00fc\u015fteri taleplerini kar\u015f\u0131layabilmek i\u00e7in uzmanla\u015fm\u0131\u015f \u00fcr\u00fcnleri entegre ederek u\u00e7tan uca \u00e7\u00f6z\u00fcm sa\u011flamay\u0131 ama\u00e7l\u0131yoruz. Ayr\u0131ca marka ba\u011f\u0131ms\u0131z \u00e7\u00f6z\u00fcmler sunan, bilginin gizlili\u011fi, b\u00fct\u00fcnl\u00fc\u011f\u00fc ve [&hellip;]<\/p>\n","protected":false},"author":1,"featured_media":0,"parent":0,"menu_order":0,"comment_status":"closed","ping_status":"closed","template":"","meta":[],"_links":{"self":[{"href":"http:\/\/www.armitek.com.tr\/index.php?rest_route=\/wp\/v2\/pages\/2"}],"collection":[{"href":"http:\/\/www.armitek.com.tr\/index.php?rest_route=\/wp\/v2\/pages"}],"about":[{"href":"http:\/\/www.armitek.com.tr\/index.php?rest_route=\/wp\/v2\/types\/page"}],"author":[{"embeddable":true,"href":"http:\/\/www.armitek.com.tr\/index.php?rest_route=\/wp\/v2\/users\/1"}],"replies":[{"embeddable":true,"href":"http:\/\/www.armitek.com.tr\/index.php?rest_route=%2Fwp%2Fv2%2Fcomments&post=2"}],"version-history":[{"count":12,"href":"http:\/\/www.armitek.com.tr\/index.php?rest_route=\/wp\/v2\/pages\/2\/revisions"}],"predecessor-version":[{"id":129,"href":"http:\/\/www.armitek.com.tr\/index.php?rest_route=\/wp\/v2\/pages\/2\/revisions\/129"}],"wp:attachment":[{"href":"http:\/\/www.armitek.com.tr\/index.php?rest_route=%2Fwp%2Fv2%2Fmedia&parent=2"}],"curies":[{"name":"wp","href":"https:\/\/api.w.org\/{rel}","templated":true}]}}