{"id":87,"date":"2021-01-26T08:58:37","date_gmt":"2021-01-26T05:58:37","guid":{"rendered":"http:\/\/www.armitek.com.tr\/?page_id=87"},"modified":"2026-02-10T11:23:15","modified_gmt":"2026-02-10T08:23:15","slug":"cozumlerimiz-2","status":"publish","type":"page","link":"http:\/\/www.armitek.com.tr\/?page_id=87","title":{"rendered":"\u00c7\u00f6z\u00fcmlerimiz"},"content":{"rendered":"\n<p><span style=\"color:#2a2929\" class=\"has-inline-color\"><strong>Bili\u015fim s\u00f6kt\u00f6r\u00fcndeki deneyimimiz ve m\u00fc\u015fterilerimize sundu\u011fumuz kapsaml\u0131 \u00e7\u00f6z\u00fcmlerle, kurumlar\u0131n sistem ve &nbsp;a\u011f altyap\u0131lar\u0131n\u0131n verimlili\u011fi ve son kullan\u0131c\u0131ya sunduklar\u0131 hizmet kalitesinde \u00f6l\u00e7\u00fclebilir art\u0131\u015f ger\u00e7ekle\u015ftirmelerine katk\u0131 sa\u011fl\u0131yoruz.<\/strong><\/span><\/p>\n\n\n\n<ul><li><strong>Sunucu ve Depolama \u00c7\u00f6z\u00fcmleri<\/strong><\/li><li><strong>A\u011f Sistemleri \u00c7\u00f6z\u00fcmleri<\/strong><\/li><li><strong>G\u00fcvenlik \u00c7\u00f6z\u00fcmleri<\/strong><\/li><li><strong>Masa\u00fcst\u00fc ve Ta\u015f\u0131nabilir Sistem \u00c7\u00f6z\u00fcmleri<\/strong><\/li><li><strong>Sanalla\u015ft\u0131rma \u00c7\u00f6z\u00fcmleri<\/strong><\/li><\/ul>\n\n\n\n<p><\/p>\n\n\n\n<p><\/p>\n","protected":false},"excerpt":{"rendered":"<p>Bili\u015fim s\u00f6kt\u00f6r\u00fcndeki deneyimimiz ve m\u00fc\u015fterilerimize sundu\u011fumuz kapsaml\u0131 \u00e7\u00f6z\u00fcmlerle, kurumlar\u0131n sistem ve &nbsp;a\u011f altyap\u0131lar\u0131n\u0131n verimlili\u011fi ve son kullan\u0131c\u0131ya sunduklar\u0131 hizmet kalitesinde \u00f6l\u00e7\u00fclebilir art\u0131\u015f ger\u00e7ekle\u015ftirmelerine katk\u0131 sa\u011fl\u0131yoruz. Sunucu ve Depolama \u00c7\u00f6z\u00fcmleri A\u011f Sistemleri \u00c7\u00f6z\u00fcmleri G\u00fcvenlik \u00c7\u00f6z\u00fcmleri Masa\u00fcst\u00fc ve Ta\u015f\u0131nabilir Sistem \u00c7\u00f6z\u00fcmleri Sanalla\u015ft\u0131rma \u00c7\u00f6z\u00fcmleri<\/p>\n","protected":false},"author":1,"featured_media":0,"parent":0,"menu_order":0,"comment_status":"closed","ping_status":"closed","template":"","meta":[],"_links":{"self":[{"href":"http:\/\/www.armitek.com.tr\/index.php?rest_route=\/wp\/v2\/pages\/87"}],"collection":[{"href":"http:\/\/www.armitek.com.tr\/index.php?rest_route=\/wp\/v2\/pages"}],"about":[{"href":"http:\/\/www.armitek.com.tr\/index.php?rest_route=\/wp\/v2\/types\/page"}],"author":[{"embeddable":true,"href":"http:\/\/www.armitek.com.tr\/index.php?rest_route=\/wp\/v2\/users\/1"}],"replies":[{"embeddable":true,"href":"http:\/\/www.armitek.com.tr\/index.php?rest_route=%2Fwp%2Fv2%2Fcomments&post=87"}],"version-history":[{"count":25,"href":"http:\/\/www.armitek.com.tr\/index.php?rest_route=\/wp\/v2\/pages\/87\/revisions"}],"predecessor-version":[{"id":132,"href":"http:\/\/www.armitek.com.tr\/index.php?rest_route=\/wp\/v2\/pages\/87\/revisions\/132"}],"wp:attachment":[{"href":"http:\/\/www.armitek.com.tr\/index.php?rest_route=%2Fwp%2Fv2%2Fmedia&parent=87"}],"curies":[{"name":"wp","href":"https:\/\/api.w.org\/{rel}","templated":true}]}}